{"id":164,"date":"2021-04-20T09:57:37","date_gmt":"2021-04-20T09:57:37","guid":{"rendered":"http:\/\/muebleskimberlysandoval.com\/?page_id=164"},"modified":"2024-06-07T17:12:35","modified_gmt":"2024-06-07T17:12:35","slug":"about-us-01","status":"publish","type":"page","link":"https:\/\/muebleskimberlysandoval.com\/?page_id=164","title":{"rendered":"Sobre Nosotros"},"content":{"rendered":"<p>[vc_row full_width=\u00bbstretch_row\u00bb full_height=\u00bbyes\u00bb columns_placement=\u00bbtop\u00bb css=\u00bb.vc_custom_1716996002681{background-image: url(http:\/\/muebleskimberlysandoval.com\/wp-content\/uploads\/2024\/05\/WhatsApp-Image-2024-05-18-at-12.34.55-PM-1.jpeg?id=3260) !important;background-position: center !important;background-repeat: no-repeat !important;background-size: cover !important;}\u00bb el_class=\u00bbvc-col-no-pt\u00bb][vc_column][g5element_space spacing=\u00bb245&#8243; spacing_md=\u00bb120&#8243;][g5element_heading layout_style=\u00bbstyle-02&#8243; title=\u00bbNOSOTROS\u00bb subtitle=\u00bbTODO SOBRE\u00bb switch_line_field=\u00bbon\u00bb title_typography=\u00bb%7B%22font_family%22%3A%22%22%2C%22font_weight%22%3A%22%22%2C%22font_style%22%3A%22%22%2C%22font_size_lg%22%3A%22100%22%2C%22font_size_md%22%3A%22%22%2C%22font_size_sm%22%3A%22%22%2C%22font_size_xs%22%3A%2260%22%2C%22align%22%3A%22%22%2C%22text_transform%22%3A%22%22%2C%22line_height%22%3A%221%22%2C%22letter_spacing%22%3A%22%22%2C%22color%22%3A%22%23ffffff%22%2C%22hover_color%22%3A%22%22%7D\u00bb subtitle_typography=\u00bb%7B%22font_family%22%3A%22%22%2C%22font_weight%22%3A%22%22%2C%22font_style%22%3A%22%22%2C%22font_size_lg%22%3A%2220%22%2C%22font_size_md%22%3A%22%22%2C%22font_size_sm%22%3A%22%22%2C%22font_size_xs%22%3A%22%22%2C%22align%22%3A%22%22%2C%22text_transform%22%3A%22capitalize%22%2C%22line_height%22%3A%22%22%2C%22letter_spacing%22%3A%220%22%2C%22color%22%3A%22%23ffffff%22%2C%22hover_color%22%3A%22%22%7D\u00bb][\/vc_column][\/vc_row][vc_row][vc_column offset=\u00bbvc_col-lg-offset-1 vc_col-lg-10 vc_col-md-12&#8243; el_class=\u00bblg-col-pd-left-right-15&#8243; css=\u00bb.vc_custom_1620197640542{padding-right: 85px !important;padding-left: 85px !important;}\u00bb][g5element_space spacing=\u00bb38&#8243; spacing_md=\u00bb18&#8243;][vc_column_text css=\u00bb.vc_custom_1717780346031{margin-bottom: 0px !important;}\u00bb]<\/p>\n<h2 style=\"text-align: center;\"><span style=\"color: #800000;\">QUIENES SOMOS<\/span><\/h2>\n<div class=\"x9f619 x1n2onr6 x1ja2u2z x78zum5 x2lah0s x1qughib x1qjc9v5 xozqiw3 x1q0g3np x1pi30zi x1swvt13 xyamay9 xykv574 xbmpl8g x4cne27 xifccgj\">\n<div class=\"x9f619 x1n2onr6 x1ja2u2z x78zum5 xdt5ytf x193iq5w xeuugli x1r8uery x1iyjqo2 xs83m0k xsyo7zv x16hj40l x10b6aqq x1yrsyyn\">\n<h5 class=\"x2b8uid x80vd3b x1q0q8m5 xso031l x1l90r2v\" style=\"text-align: center;\"><span class=\"x193iq5w xeuugli x13faqbe x1vvkbs x1xmvt09 x1lliihq x1s928wv xhkezso x1gmr53x x1cpjm7i x1fgarty x1943h6x xudqn12 x3x7a5m x1f6kntn xvq8zen xo1l8bm xzsf02u\" dir=\"auto\">Somos una empresa con mas de 10 a\u00f1os de experiencia dedicada profesionalmente a la fabricaci\u00f3n de muebles y a la decoraci\u00f3n de interiores, con productos de la mejor calidad, confortables e innovadores los cuales le dar\u00e1n un toque \u00fanico e innovador a tu hogar.<\/span><\/h5>\n<\/div>\n<\/div>\n<div class=\"x9f619 x1n2onr6 x1ja2u2z x78zum5 x2lah0s x1qughib x1qjc9v5 xozqiw3 x1q0g3np x1pi30zi x1swvt13 xyamay9 xykv574 xbmpl8g x4cne27 xifccgj\">\n<div class=\"x9f619 x1n2onr6 x1ja2u2z x78zum5 xdt5ytf x193iq5w xeuugli x1r8uery x1iyjqo2 xs83m0k xsyo7zv x16hj40l x10b6aqq x1yrsyyn\"><\/div>\n<\/div>\n<p>&nbsp;<\/p>\n<h2 style=\"text-align: center;\"><span style=\"color: #800000;\">MISI\u00d3N<\/span><\/h2>\n<h4 style=\"text-align: center;\">Fabricar y comercializar mobiliario profesional para el hogar, auditorios, cinemas, lugares de trabajo, entre otros, logrando una combinaci\u00f3n entre calidad, comfort y elegancia.<\/h4>\n<p>[\/vc_column_text][g5element_space spacing=\u00bb150&#8243; spacing_md=\u00bb120&#8243;][\/vc_column][\/vc_row]<\/p>\n","protected":false},"excerpt":{"rendered":"<p>[vc_row full_width=\u00bbstretch_row\u00bb full_height=\u00bbyes\u00bb columns_placement=\u00bbtop\u00bb css=\u00bb.vc_custom_1716996002681{background-image: url(http:\/\/muebleskimberlysandoval.com\/wp-content\/uploads\/2024\/05\/WhatsApp-Image-2024-05-18-at-12.34.55-PM-1.jpeg?id=3260) !important;background-position: center !important;background-repeat: no-repeat !important;background-size: cover !important;}\u00bb el_class=\u00bbvc-col-no-pt\u00bb][vc_column][g5element_space spacing=\u00bb245&#8243; spacing_md=\u00bb120&#8243;][g5element_heading layout_style=\u00bbstyle-02&#8243; title=\u00bbNOSOTROS\u00bb subtitle=\u00bbTODO SOBRE\u00bb switch_line_field=\u00bbon\u00bb title_typography=\u00bb%7B%22font_family%22%3A%22%22%2C%22font_weight%22%3A%22%22%2C%22font_style%22%3A%22%22%2C%22font_size_lg%22%3A%22100%22%2C%22font_size_md%22%3A%22%22%2C%22font_size_sm%22%3A%22%22%2C%22font_size_xs%22%3A%2260%22%2C%22align%22%3A%22%22%2C%22text_transform%22%3A%22%22%2C%22line_height%22%3A%221%22%2C%22letter_spacing%22%3A%22%22%2C%22color%22%3A%22%23ffffff%22%2C%22hover_color%22%3A%22%22%7D\u00bb subtitle_typography=\u00bb%7B%22font_family%22%3A%22%22%2C%22font_weight%22%3A%22%22%2C%22font_style%22%3A%22%22%2C%22font_size_lg%22%3A%2220%22%2C%22font_size_md%22%3A%22%22%2C%22font_size_sm%22%3A%22%22%2C%22font_size_xs%22%3A%22%22%2C%22align%22%3A%22%22%2C%22text_transform%22%3A%22capitalize%22%2C%22line_height%22%3A%22%22%2C%22letter_spacing%22%3A%220%22%2C%22color%22%3A%22%23ffffff%22%2C%22hover_color%22%3A%22%22%7D\u00bb][\/vc_column][\/vc_row][vc_row][vc_column offset=\u00bbvc_col-lg-offset-1 vc_col-lg-10 vc_col-md-12&#8243; el_class=\u00bblg-col-pd-left-right-15&#8243; css=\u00bb.vc_custom_1620197640542{padding-right: 85px !important;padding-left: 85px !important;}\u00bb][g5element_space spacing=\u00bb38&#8243; spacing_md=\u00bb18&#8243;][vc_column_text css=\u00bb.vc_custom_1717780346031{margin-bottom: 0px !important;}\u00bb] QUIENES SOMOS Somos una empresa con mas de 10 a\u00f1os de experiencia dedicada profesionalmente a la fabricaci\u00f3n de [&hellip;]<\/p>\n","protected":false},"author":1,"featured_media":0,"parent":0,"menu_order":0,"comment_status":"closed","ping_status":"closed","template":"","meta":{"footnotes":""},"class_list":["post-164","page","type-page","status-publish","hentry"],"_links":{"self":[{"href":"https:\/\/muebleskimberlysandoval.com\/index.php?rest_route=\/wp\/v2\/pages\/164","targetHints":{"allow":["GET"]}}],"collection":[{"href":"https:\/\/muebleskimberlysandoval.com\/index.php?rest_route=\/wp\/v2\/pages"}],"about":[{"href":"https:\/\/muebleskimberlysandoval.com\/index.php?rest_route=\/wp\/v2\/types\/page"}],"author":[{"embeddable":true,"href":"https:\/\/muebleskimberlysandoval.com\/index.php?rest_route=\/wp\/v2\/users\/1"}],"replies":[{"embeddable":true,"href":"https:\/\/muebleskimberlysandoval.com\/index.php?rest_route=%2Fwp%2Fv2%2Fcomments&post=164"}],"version-history":[{"count":21,"href":"https:\/\/muebleskimberlysandoval.com\/index.php?rest_route=\/wp\/v2\/pages\/164\/revisions"}],"predecessor-version":[{"id":3373,"href":"https:\/\/muebleskimberlysandoval.com\/index.php?rest_route=\/wp\/v2\/pages\/164\/revisions\/3373"}],"wp:attachment":[{"href":"https:\/\/muebleskimberlysandoval.com\/index.php?rest_route=%2Fwp%2Fv2%2Fmedia&parent=164"}],"curies":[{"name":"wp","href":"https:\/\/api.w.org\/{rel}","templated":true}]}}