{"id":3301,"date":"2024-05-28T17:29:17","date_gmt":"2024-05-28T17:29:17","guid":{"rendered":"http:\/\/muebleskimberlysandoval.com\/?page_id=3301"},"modified":"2024-06-12T20:16:42","modified_gmt":"2024-06-12T20:16:42","slug":"dekocinema","status":"publish","type":"page","link":"https:\/\/muebleskimberlysandoval.com\/?page_id=3301","title":{"rendered":"DekoCinema"},"content":{"rendered":"<p>[vc_row full_width=\u00bbstretch_row_content_no_spaces\u00bb content_placement=\u00bbmiddle\u00bb][vc_column][g5element_banner banner_title=\u00bbDekoCinema\u00bb title_typography=\u00bb%7B%22font_family%22%3A%22%22%2C%22font_weight%22%3A%22%22%2C%22font_style%22%3A%22%22%2C%22font_size_lg%22%3A%22%22%2C%22font_size_md%22%3A%22%22%2C%22font_size_sm%22%3A%22%22%2C%22font_size_xs%22%3A%22%22%2C%22align%22%3A%22%22%2C%22text_transform%22%3A%22%22%2C%22line_height%22%3A%22%22%2C%22letter_spacing%22%3A%22%22%2C%22color%22%3A%22%23ffffff%22%2C%22hover_color%22%3A%22%22%7D\u00bb banner_description=\u00bbDise\u00f1o, Exclusividad y Comfort\u00bb description_typography=\u00bb%7B%22font_family%22%3A%22%22%2C%22font_weight%22%3A%22%22%2C%22font_style%22%3A%22%22%2C%22font_size_lg%22%3A%22%22%2C%22font_size_md%22%3A%22%22%2C%22font_size_sm%22%3A%22%22%2C%22font_size_xs%22%3A%22%22%2C%22align%22%3A%22%22%2C%22text_transform%22%3A%22%22%2C%22line_height%22%3A%22%22%2C%22letter_spacing%22%3A%22%22%2C%22color%22%3A%22%23ffffff%22%2C%22hover_color%22%3A%22%22%7D\u00bb hover_image_effect=\u00bb\u00bb size_mode=\u00bb56.25&#8243; banner_btn_title=\u00bb\u00bb image=\u00bb3307&#8243;]Content on the Banner[\/g5element_banner][\/vc_column][\/vc_row][vc_row][vc_column offset=\u00bbvc_col-lg-offset-1 vc_col-lg-10 vc_col-md-12&#8243; el_class=\u00bblg-col-pd-left-right-15&#8243; css=\u00bb.vc_custom_1620197640542{padding-right: 85px !important;padding-left: 85px !important;}\u00bb][g5element_space spacing=\u00bb120&#8243; spacing_md=\u00bb80&#8243;][g5element_heading layout_style=\u00bbstyle-02&#8243; title=\u00bb\u00bfQuienes Somos?\u00bb title_typography=\u00bb%7B%22font_family%22%3A%22%22%2C%22font_weight%22%3A%22%22%2C%22font_style%22%3A%22%22%2C%22font_size_lg%22%3A%2240%22%2C%22font_size_md%22%3A%22%22%2C%22font_size_sm%22%3A%22%22%2C%22font_size_xs%22%3A%2232%22%2C%22align%22%3A%22%22%2C%22text_transform%22%3A%22%22%2C%22line_height%22%3A%221.5%22%2C%22letter_spacing%22%3A%22%22%2C%22color%22%3A%22%22%2C%22hover_color%22%3A%22%22%7D\u00bb][g5element_space spacing=\u00bb38&#8243; spacing_md=\u00bb18&#8243;][vc_column_text css=\u00bb.vc_custom_1716917161141{margin-bottom: 0px !important;}\u00bb]<\/p>\n<p style=\"font-size: 20px; font-weight: 500; line-height: 1.5; color: var(--g5-color-accent);\">Somos una empresa dedicada a la fabricaci\u00f3n y comercializaci\u00f3n de muebles, restauraci\u00f3n de sillas para auditorios y cines. Confecci\u00f3n, estructura y dise\u00f1o, servicios de tapizado, ensambles y anclajes. Decoraci\u00f3n acustica para salas de cine, oficinas y hogar, con excelentes acabados, diveros estilos y formas que garantizan la calidad de nuestros productos y la satisfacci\u00f3n de nuestros clientes.<\/p>\n<p>[\/vc_column_text][g5element_space spacing=\u00bb95&#8243; spacing_md=\u00bb75&#8243;][\/vc_column][vc_column][\/vc_column][vc_column el_class=\u00bblg-col-pd-left-right-15&#8243; css=\u00bb.vc_custom_1620201097599{padding-right: 90px !important;padding-left: 90px !important;}\u00bb offset=\u00bbvc_col-lg-offset-1 vc_col-lg-10 vc_col-md-12&#8243;][g5element_heading layout_style=\u00bbstyle-02&#8243; title=\u00bbProfesionales en Salas de Cine, Auditorios, Espacios de Oficina y Decoraci\u00f3n de Interiores.\u00bb title_typography=\u00bb%7B%22font_family%22%3A%22%22%2C%22font_weight%22%3A%22%22%2C%22font_style%22%3A%22%22%2C%22font_size_lg%22%3A%2233%22%2C%22font_size_md%22%3A%22%22%2C%22font_size_sm%22%3A%22%22%2C%22font_size_xs%22%3A%2232%22%2C%22align%22%3A%22%22%2C%22text_transform%22%3A%22%22%2C%22line_height%22%3A%221.5%22%2C%22letter_spacing%22%3A%22%22%2C%22color%22%3A%22%22%2C%22hover_color%22%3A%22%22%7D\u00bb][g5element_space spacing=\u00bb23&#8243;][vc_column_text]<\/p>\n<ul>\n<li>\n<h4 style=\"text-align: left;\"><span style=\"color: #666699;\">Dise\u00f1o y Fabricaci\u00f3n de Paneles Ac\u00fasticos<\/span><\/h4>\n<\/li>\n<li style=\"text-align: left;\">\n<h4><span style=\"color: #666699;\">Confecci\u00f3n de Forros en Vinilo y Cuero<\/span><\/h4>\n<\/li>\n<li style=\"text-align: left;\">\n<h4><span style=\"color: #666699;\">Restauraci\u00f3n, Tapizado y Ensamble de Sillas<\/span><\/h4>\n<\/li>\n<li style=\"text-align: left;\">\n<h4><span style=\"color: #666699;\">Instalaci\u00f3n de Pisos en Vinilo y Tapete en Paredes<\/span><\/h4>\n<\/li>\n<li style=\"text-align: left;\">\n<h4><span style=\"color: #666699;\">Mantenimiento General en Auditorios y Cines<\/span><\/h4>\n<\/li>\n<li>\n<h4 style=\"text-align: left;\"><span style=\"color: #666699;\">Decoraci\u00f3n de Interiores de Casas y Apartamentos.<\/span><\/h4>\n<\/li>\n<\/ul>\n<p>[\/vc_column_text][\/vc_column][\/vc_row][vc_row content_placement=\u00bbmiddle\u00bb el_class=\u00bbvc-col-no-pt\u00bb][vc_column][g5element_space spacing=\u00bb120&#8243; spacing_md=\u00bb80&#8243;][\/vc_column][vc_column offset=\u00bbvc_col-md-5&#8243; el_class=\u00bborder-lg-3 lg-col-pd-left-right-15&#8243; css=\u00bb.vc_custom_1620114879611{padding-left: 65px !important;}\u00bb][g5element_heading title=\u00bbAuditorio Ingenio Mayaguez\u00bb description=\u00bbTe Presentamos uno de Nuestros Proyectos Destacados y Entregados por DekoCinema.\u00bb limit_width=\u00bb420&#8243; title_typography=\u00bb%7B%22font_family%22%3A%22%22%2C%22font_weight%22%3A%22%22%2C%22font_style%22%3A%22%22%2C%22font_size_lg%22%3A%22%22%2C%22font_size_md%22%3A%22%22%2C%22font_size_sm%22%3A%22%22%2C%22font_size_xs%22%3A%2240%22%2C%22align%22%3A%22%22%2C%22text_transform%22%3A%22%22%2C%22line_height%22%3A%22%22%2C%22letter_spacing%22%3A%22%22%2C%22color%22%3A%22%22%2C%22hover_color%22%3A%22%22%7D\u00bb el_class=\u00bbcustom-md-heading-mw-100&#8243;][g5element_space spacing=\u00bb45&#8243; spacing_lg=\u00bb30&#8243;][g5element_button title=\u00bbShop Now\u00bb style=\u00bboutline\u00bb link=\u00bburl:https%3A%2F%2Ffurnitor.g5plus.net%2Fshop%2F|title:Shop\u00bb][g5element_space spacing=\u00bb\u00bb spacing_md=\u00bb60&#8243;][\/vc_column][vc_column offset=\u00bbvc_col-md-7&#8243; el_class=\u00bborder-lg-2&#8243;][vc_single_image image=\u00bb3311&#8243; img_size=\u00bbfull\u00bb css=\u00bb.vc_custom_1716917617481{margin-bottom: 0px !important;}\u00bb][\/vc_column][vc_column el_class=\u00bborder-lg-last\u00bb][\/vc_column][\/vc_row][vc_row content_placement=\u00bbmiddle\u00bb el_class=\u00bbvc-col-no-pt\u00bb][vc_column][g5element_space spacing=\u00bb160&#8243; spacing_md=\u00bb80&#8243;][\/vc_column][vc_column offset=\u00bbvc_col-md-5&#8243;][g5element_heading title=\u00bbTeatro Jorge Isaac\u00bb description=\u00bbTe Presentamos uno de Nuestros Proyectos Destacados y Entregados por DekoCinema.\u00bb limit_width=\u00bb420&#8243; title_typography=\u00bb%7B%22font_family%22%3A%22%22%2C%22font_weight%22%3A%22%22%2C%22font_style%22%3A%22%22%2C%22font_size_lg%22%3A%22%22%2C%22font_size_md%22%3A%22%22%2C%22font_size_sm%22%3A%22%22%2C%22font_size_xs%22%3A%2240%22%2C%22align%22%3A%22%22%2C%22text_transform%22%3A%22%22%2C%22line_height%22%3A%22%22%2C%22letter_spacing%22%3A%22%22%2C%22color%22%3A%22%22%2C%22hover_color%22%3A%22%22%7D\u00bb el_class=\u00bbcustom-md-heading-mw-100&#8243;][g5element_space spacing=\u00bb28&#8243; spacing_md=\u00bb20&#8243;][\/vc_column][vc_column offset=\u00bbvc_col-md-7&#8243;][g5element_space spacing=\u00bb0&#8243; spacing_md=\u00bb60&#8243;][vc_single_image image=\u00bb3315&#8243; img_size=\u00bbfull\u00bb alignment=\u00bbright\u00bb css=\u00bb.vc_custom_1716936531860{margin-bottom: 0px !important;}\u00bb el_class=\u00bbcustom-md-single-image-right\u00bb][vc_single_image image=\u00bb3314&#8243; img_size=\u00bbfull\u00bb alignment=\u00bbright\u00bb css=\u00bb.vc_custom_1716936569205{margin-bottom: 0px !important;}\u00bb el_class=\u00bbcustom-md-single-image-right\u00bb][\/vc_column][vc_column][g5element_space spacing=\u00bb120&#8243; spacing_md=\u00bb80&#8243;][\/vc_column][\/vc_row][vc_row content_placement=\u00bbmiddle\u00bb el_class=\u00bbvc-col-no-pt\u00bb][vc_column][\/vc_column][vc_column offset=\u00bbvc_col-md-5&#8243; el_class=\u00bborder-lg-3 lg-col-pd-left-right-15&#8243; css=\u00bb.vc_custom_1620114879611{padding-left: 65px !important;}\u00bb][g5element_heading title=\u00bbAuditorio Bethoveen\u00bb description=\u00bbTe Presentamos uno de Nuestros Proyectos Destacados y Entregados por DekoCinema.\u00bb limit_width=\u00bb420&#8243; title_typography=\u00bb%7B%22font_family%22%3A%22%22%2C%22font_weight%22%3A%22%22%2C%22font_style%22%3A%22%22%2C%22font_size_lg%22%3A%22%22%2C%22font_size_md%22%3A%22%22%2C%22font_size_sm%22%3A%22%22%2C%22font_size_xs%22%3A%2240%22%2C%22align%22%3A%22%22%2C%22text_transform%22%3A%22%22%2C%22line_height%22%3A%22%22%2C%22letter_spacing%22%3A%22%22%2C%22color%22%3A%22%22%2C%22hover_color%22%3A%22%22%7D\u00bb el_class=\u00bbcustom-md-heading-mw-100&#8243;][g5element_space spacing=\u00bb45&#8243; spacing_lg=\u00bb30&#8243;][g5element_button title=\u00bbShop Now\u00bb style=\u00bboutline\u00bb link=\u00bburl:https%3A%2F%2Ffurnitor.g5plus.net%2Fshop%2F|title:Shop\u00bb][g5element_space spacing=\u00bb\u00bb spacing_md=\u00bb60&#8243;][\/vc_column][vc_column offset=\u00bbvc_col-md-7&#8243; el_class=\u00bborder-lg-2&#8243;][vc_single_image image=\u00bb3317&#8243; img_size=\u00bbfull\u00bb css=\u00bb.vc_custom_1716938096474{margin-bottom: 0px !important;}\u00bb][vc_single_image image=\u00bb3318&#8243; img_size=\u00bbfull\u00bb css=\u00bb.vc_custom_1716938112948{margin-bottom: 0px !important;}\u00bb][\/vc_column][vc_column el_class=\u00bborder-lg-last\u00bb][\/vc_column][\/vc_row][vc_row content_placement=\u00bbmiddle\u00bb el_class=\u00bbvc-col-no-pt\u00bb][vc_column][g5element_space spacing=\u00bb160&#8243; spacing_md=\u00bb80&#8243;][\/vc_column][vc_column offset=\u00bbvc_col-md-5&#8243;][g5element_heading title=\u00bbMall de Tocumen, en Panama\u00bb description=\u00bbTe Presentamos uno de Nuestros Proyectos Destacados y Entregados por DekoCinema.\u00bb limit_width=\u00bb420&#8243; title_typography=\u00bb%7B%22font_family%22%3A%22%22%2C%22font_weight%22%3A%22%22%2C%22font_style%22%3A%22%22%2C%22font_size_lg%22%3A%22%22%2C%22font_size_md%22%3A%22%22%2C%22font_size_sm%22%3A%22%22%2C%22font_size_xs%22%3A%2240%22%2C%22align%22%3A%22%22%2C%22text_transform%22%3A%22%22%2C%22line_height%22%3A%22%22%2C%22letter_spacing%22%3A%22%22%2C%22color%22%3A%22%22%2C%22hover_color%22%3A%22%22%7D\u00bb el_class=\u00bbcustom-md-heading-mw-100&#8243;][g5element_space spacing=\u00bb28&#8243; spacing_md=\u00bb20&#8243;][\/vc_column][vc_column offset=\u00bbvc_col-md-7&#8243;][g5element_space spacing=\u00bb0&#8243; spacing_md=\u00bb60&#8243;][vc_single_image image=\u00bb3320&#8243; img_size=\u00bbfull\u00bb alignment=\u00bbright\u00bb css=\u00bb.vc_custom_1716938396000{margin-bottom: 0px !important;}\u00bb el_class=\u00bbcustom-md-single-image-right\u00bb][vc_single_image image=\u00bb3321&#8243; img_size=\u00bbmedium\u00bb alignment=\u00bbright\u00bb css=\u00bb.vc_custom_1716938994113{margin-bottom: 0px !important;}\u00bb el_class=\u00bbcustom-md-single-image-right\u00bb][vc_single_image image=\u00bb3319&#8243; img_size=\u00bbmedium\u00bb alignment=\u00bbright\u00bb css=\u00bb.vc_custom_1716938998600{margin-bottom: 0px !important;}\u00bb el_class=\u00bbcustom-md-single-image-right\u00bb][\/vc_column][vc_column][g5element_space spacing=\u00bb120&#8243; spacing_md=\u00bb80&#8243;][\/vc_column][\/vc_row][vc_row content_placement=\u00bbmiddle\u00bb el_class=\u00bbvc-col-no-pt\u00bb][vc_column][\/vc_column][vc_column offset=\u00bbvc_col-md-5&#8243; el_class=\u00bborder-lg-3 lg-col-pd-left-right-15&#8243; css=\u00bb.vc_custom_1620114879611{padding-left: 65px !important;}\u00bb][g5element_heading title=\u00bbRoyal Films\u00bb description=\u00bbTe Presentamos uno de Nuestros Proyectos Destacados y Entregados por DekoCinema.\u00bb limit_width=\u00bb420&#8243; title_typography=\u00bb%7B%22font_family%22%3A%22%22%2C%22font_weight%22%3A%22%22%2C%22font_style%22%3A%22%22%2C%22font_size_lg%22%3A%22%22%2C%22font_size_md%22%3A%22%22%2C%22font_size_sm%22%3A%22%22%2C%22font_size_xs%22%3A%2240%22%2C%22align%22%3A%22%22%2C%22text_transform%22%3A%22%22%2C%22line_height%22%3A%22%22%2C%22letter_spacing%22%3A%22%22%2C%22color%22%3A%22%22%2C%22hover_color%22%3A%22%22%7D\u00bb el_class=\u00bbcustom-md-heading-mw-100&#8243;][g5element_space spacing=\u00bb45&#8243; spacing_lg=\u00bb30&#8243;][g5element_button title=\u00bbShop Now\u00bb style=\u00bboutline\u00bb link=\u00bburl:https%3A%2F%2Ffurnitor.g5plus.net%2Fshop%2F|title:Shop\u00bb][g5element_space spacing=\u00bb\u00bb spacing_md=\u00bb60&#8243;][\/vc_column][vc_column offset=\u00bbvc_col-md-7&#8243; el_class=\u00bborder-lg-2&#8243;][vc_gallery type=\u00bbimage_grid\u00bb images=\u00bb3401,3402,3403,3404,3405,3406,3407,3408,3409,3410&#8243;][\/vc_column][vc_column el_class=\u00bborder-lg-last\u00bb][\/vc_column][\/vc_row]<\/p>\n","protected":false},"excerpt":{"rendered":"<p>[vc_row full_width=\u00bbstretch_row_content_no_spaces\u00bb content_placement=\u00bbmiddle\u00bb][vc_column][g5element_banner banner_title=\u00bbDekoCinema\u00bb title_typography=\u00bb%7B%22font_family%22%3A%22%22%2C%22font_weight%22%3A%22%22%2C%22font_style%22%3A%22%22%2C%22font_size_lg%22%3A%22%22%2C%22font_size_md%22%3A%22%22%2C%22font_size_sm%22%3A%22%22%2C%22font_size_xs%22%3A%22%22%2C%22align%22%3A%22%22%2C%22text_transform%22%3A%22%22%2C%22line_height%22%3A%22%22%2C%22letter_spacing%22%3A%22%22%2C%22color%22%3A%22%23ffffff%22%2C%22hover_color%22%3A%22%22%7D\u00bb banner_description=\u00bbDise\u00f1o, Exclusividad y Comfort\u00bb description_typography=\u00bb%7B%22font_family%22%3A%22%22%2C%22font_weight%22%3A%22%22%2C%22font_style%22%3A%22%22%2C%22font_size_lg%22%3A%22%22%2C%22font_size_md%22%3A%22%22%2C%22font_size_sm%22%3A%22%22%2C%22font_size_xs%22%3A%22%22%2C%22align%22%3A%22%22%2C%22text_transform%22%3A%22%22%2C%22line_height%22%3A%22%22%2C%22letter_spacing%22%3A%22%22%2C%22color%22%3A%22%23ffffff%22%2C%22hover_color%22%3A%22%22%7D\u00bb hover_image_effect=\u00bb\u00bb size_mode=\u00bb56.25&#8243; banner_btn_title=\u00bb\u00bb image=\u00bb3307&#8243;]Content on the Banner[\/g5element_banner][\/vc_column][\/vc_row][vc_row][vc_column offset=\u00bbvc_col-lg-offset-1 vc_col-lg-10 vc_col-md-12&#8243; el_class=\u00bblg-col-pd-left-right-15&#8243; css=\u00bb.vc_custom_1620197640542{padding-right: 85px !important;padding-left: 85px !important;}\u00bb][g5element_space spacing=\u00bb120&#8243; spacing_md=\u00bb80&#8243;][g5element_heading layout_style=\u00bbstyle-02&#8243; title=\u00bb\u00bfQuienes Somos?\u00bb title_typography=\u00bb%7B%22font_family%22%3A%22%22%2C%22font_weight%22%3A%22%22%2C%22font_style%22%3A%22%22%2C%22font_size_lg%22%3A%2240%22%2C%22font_size_md%22%3A%22%22%2C%22font_size_sm%22%3A%22%22%2C%22font_size_xs%22%3A%2232%22%2C%22align%22%3A%22%22%2C%22text_transform%22%3A%22%22%2C%22line_height%22%3A%221.5%22%2C%22letter_spacing%22%3A%22%22%2C%22color%22%3A%22%22%2C%22hover_color%22%3A%22%22%7D\u00bb][g5element_space spacing=\u00bb38&#8243; spacing_md=\u00bb18&#8243;][vc_column_text css=\u00bb.vc_custom_1716917161141{margin-bottom: 0px !important;}\u00bb] Somos una empresa dedicada a la fabricaci\u00f3n y comercializaci\u00f3n de muebles, restauraci\u00f3n de sillas para auditorios y cines. [&hellip;]<\/p>\n","protected":false},"author":1,"featured_media":0,"parent":0,"menu_order":0,"comment_status":"closed","ping_status":"closed","template":"","meta":{"footnotes":""},"class_list":["post-3301","page","type-page","status-publish","hentry"],"_links":{"self":[{"href":"https:\/\/muebleskimberlysandoval.com\/index.php?rest_route=\/wp\/v2\/pages\/3301","targetHints":{"allow":["GET"]}}],"collection":[{"href":"https:\/\/muebleskimberlysandoval.com\/index.php?rest_route=\/wp\/v2\/pages"}],"about":[{"href":"https:\/\/muebleskimberlysandoval.com\/index.php?rest_route=\/wp\/v2\/types\/page"}],"author":[{"embeddable":true,"href":"https:\/\/muebleskimberlysandoval.com\/index.php?rest_route=\/wp\/v2\/users\/1"}],"replies":[{"embeddable":true,"href":"https:\/\/muebleskimberlysandoval.com\/index.php?rest_route=%2Fwp%2Fv2%2Fcomments&post=3301"}],"version-history":[{"count":13,"href":"https:\/\/muebleskimberlysandoval.com\/index.php?rest_route=\/wp\/v2\/pages\/3301\/revisions"}],"predecessor-version":[{"id":3427,"href":"https:\/\/muebleskimberlysandoval.com\/index.php?rest_route=\/wp\/v2\/pages\/3301\/revisions\/3427"}],"wp:attachment":[{"href":"https:\/\/muebleskimberlysandoval.com\/index.php?rest_route=%2Fwp%2Fv2%2Fmedia&parent=3301"}],"curies":[{"name":"wp","href":"https:\/\/api.w.org\/{rel}","templated":true}]}}